{"id":1899,"date":"2025-04-24T18:07:15","date_gmt":"2025-04-24T16:07:15","guid":{"rendered":"https:\/\/bioplan-online.de\/?page_id=1899"},"modified":"2025-09-25T20:55:53","modified_gmt":"2025-09-25T18:55:53","slug":"forschung","status":"publish","type":"page","link":"https:\/\/bioplan-online.de\/en\/forschung\/","title":{"rendered":"Research"},"content":{"rendered":"<div data-elementor-type=\"wp-post\" data-elementor-id=\"1899\" class=\"elementor elementor-1899\">\n\t\t\t\t\t\t<section class=\"elementor-section elementor-top-section elementor-element elementor-element-adee82f elementor-section-boxed elementor-section-height-default elementor-section-height-default\" data-id=\"adee82f\" data-element_type=\"section\" data-e-type=\"section\" data-settings=\"{&quot;background_background&quot;:&quot;classic&quot;}\">\n\t\t\t\t\t\t<div class=\"elementor-container elementor-column-gap-default\">\n\t\t\t\t\t<div class=\"elementor-column elementor-col-100 elementor-top-column elementor-element elementor-element-bb0337d\" data-id=\"bb0337d\" data-element_type=\"column\" data-e-type=\"column\">\n\t\t\t<div class=\"elementor-widget-wrap elementor-element-populated\">\n\t\t\t\t\t\t<div class=\"elementor-element elementor-element-8aac494 elementor-widget elementor-widget-heading\" data-id=\"8aac494\" data-element_type=\"widget\" data-e-type=\"widget\" data-widget_type=\"heading.default\">\n\t\t\t\t<div class=\"elementor-widget-container\">\n\t\t\t\t\t<h1 class=\"elementor-heading-title elementor-size-default\">Research<\/h1>\t\t\t\t<\/div>\n\t\t\t\t<\/div>\n\t\t\t\t\t<\/div>\n\t\t<\/div>\n\t\t\t\t\t<\/div>\n\t\t<\/section>\n\t\t\t\t<section class=\"elementor-section elementor-top-section elementor-element elementor-element-8d97904 elementor-section-boxed elementor-section-height-default elementor-section-height-default\" data-id=\"8d97904\" data-element_type=\"section\" data-e-type=\"section\" data-settings=\"{&quot;background_background&quot;:&quot;classic&quot;}\">\n\t\t\t\t\t\t<div class=\"elementor-container elementor-column-gap-default\">\n\t\t\t\t\t<div class=\"elementor-column elementor-col-100 elementor-top-column elementor-element elementor-element-9329bdd\" data-id=\"9329bdd\" data-element_type=\"column\" data-e-type=\"column\">\n\t\t\t<div class=\"elementor-widget-wrap elementor-element-populated\">\n\t\t\t\t\t\t<div class=\"elementor-element elementor-element-d1d129d elementor-widget__width-initial elementor-widget elementor-widget-heading\" data-id=\"d1d129d\" data-element_type=\"widget\" data-e-type=\"widget\" data-widget_type=\"heading.default\">\n\t\t\t\t<div class=\"elementor-widget-container\">\n\t\t\t\t\t<h5 class=\"elementor-heading-title elementor-size-default\">AI-Assisted Phytoplankton Analysis<\/h5>\t\t\t\t<\/div>\n\t\t\t\t<\/div>\n\t\t\t\t\t<\/div>\n\t\t<\/div>\n\t\t\t\t\t<\/div>\n\t\t<\/section>\n\t\t\t\t<section class=\"elementor-section elementor-top-section elementor-element elementor-element-bf16d12 elementor-section-boxed elementor-section-height-default elementor-section-height-default\" data-id=\"bf16d12\" data-element_type=\"section\" data-e-type=\"section\" data-settings=\"{&quot;background_background&quot;:&quot;classic&quot;}\">\n\t\t\t\t\t\t<div class=\"elementor-container elementor-column-gap-default\">\n\t\t\t\t\t<div class=\"elementor-column elementor-col-50 elementor-top-column elementor-element elementor-element-77bc070\" data-id=\"77bc070\" data-element_type=\"column\" data-e-type=\"column\">\n\t\t\t<div class=\"elementor-widget-wrap elementor-element-populated\">\n\t\t\t\t\t\t<div class=\"elementor-element elementor-element-0882e03 elementor-widget elementor-widget-text-editor\" data-id=\"0882e03\" data-element_type=\"widget\" data-e-type=\"widget\" data-widget_type=\"text-editor.default\">\n\t\t\t\t<div class=\"elementor-widget-container\">\n\t\t\t\t\t\t\t\t\t<p>The analysis of phytoplankton samples from inland waters has long been a routine task for the institute. Since 2024, we have been collaborating with the Fraunhofer Institute for Computer Graphics Research (IGD) in Rostock to streamline and accelerate these processes through the application of artificial intelligence (AI). Our goal is to enhance both the accuracy and reproducibility of the analyses.<\/p>\t\t\t\t\t\t\t\t<\/div>\n\t\t\t\t<\/div>\n\t\t\t\t\t<\/div>\n\t\t<\/div>\n\t\t\t\t<div class=\"elementor-column elementor-col-50 elementor-top-column elementor-element elementor-element-fa95c14\" data-id=\"fa95c14\" data-element_type=\"column\" data-e-type=\"column\">\n\t\t\t<div class=\"elementor-widget-wrap elementor-element-populated\">\n\t\t\t\t\t\t<div class=\"elementor-element elementor-element-15177a0 elementor-widget__width-initial elementor-widget elementor-widget-image\" data-id=\"15177a0\" data-element_type=\"widget\" data-e-type=\"widget\" data-widget_type=\"image.default\">\n\t\t\t\t<div class=\"elementor-widget-container\">\n\t\t\t\t\t\t\t\t\t\t\t\t\t\t\t<img fetchpriority=\"high\" decoding=\"async\" width=\"326\" height=\"251\" src=\"https:\/\/bioplan-online.de\/wp-content\/uploads\/2025\/09\/PhytoPlankton_15-4-2025_smal-e1758826469733.jpg\" class=\"attachment-full size-full wp-image-1934\" alt=\"\" \/>\t\t\t\t\t\t\t\t\t\t\t\t\t\t\t<\/div>\n\t\t\t\t<\/div>\n\t\t\t\t\t<\/div>\n\t\t<\/div>\n\t\t\t\t\t<\/div>\n\t\t<\/section>\n\t\t\t\t<section class=\"elementor-section elementor-top-section elementor-element elementor-element-ad0e84d elementor-section-boxed elementor-section-height-default elementor-section-height-default\" data-id=\"ad0e84d\" data-element_type=\"section\" data-e-type=\"section\" data-settings=\"{&quot;background_background&quot;:&quot;classic&quot;}\">\n\t\t\t\t\t\t<div class=\"elementor-container elementor-column-gap-default\">\n\t\t\t\t\t<div class=\"elementor-column elementor-col-100 elementor-top-column elementor-element elementor-element-d7e42cc\" data-id=\"d7e42cc\" data-element_type=\"column\" data-e-type=\"column\">\n\t\t\t<div class=\"elementor-widget-wrap elementor-element-populated\">\n\t\t\t\t\t\t<div class=\"elementor-element elementor-element-ef8ce32 elementor-widget__width-initial elementor-widget elementor-widget-heading\" data-id=\"ef8ce32\" data-element_type=\"widget\" data-e-type=\"widget\" data-widget_type=\"heading.default\">\n\t\t\t\t<div class=\"elementor-widget-container\">\n\t\t\t\t\t<h5 class=\"elementor-heading-title elementor-size-default\">AI-Assisted Phytoplankton Analysis<\/h5>\t\t\t\t<\/div>\n\t\t\t\t<\/div>\n\t\t\t\t\t<\/div>\n\t\t<\/div>\n\t\t\t\t\t<\/div>\n\t\t<\/section>\n\t\t\t\t<section class=\"elementor-section elementor-top-section elementor-element elementor-element-ce50438 elementor-section-boxed elementor-section-height-default elementor-section-height-default\" data-id=\"ce50438\" data-element_type=\"section\" data-e-type=\"section\" data-settings=\"{&quot;background_background&quot;:&quot;classic&quot;}\">\n\t\t\t\t\t\t<div class=\"elementor-container elementor-column-gap-default\">\n\t\t\t\t\t<div class=\"elementor-column elementor-col-50 elementor-top-column elementor-element elementor-element-1097c16\" data-id=\"1097c16\" data-element_type=\"column\" data-e-type=\"column\">\n\t\t\t<div class=\"elementor-widget-wrap elementor-element-populated\">\n\t\t\t\t\t\t<div class=\"elementor-element elementor-element-076e0fb elementor-widget elementor-widget-text-editor\" data-id=\"076e0fb\" data-element_type=\"widget\" data-e-type=\"widget\" data-widget_type=\"text-editor.default\">\n\t\t\t\t<div class=\"elementor-widget-container\">\n\t\t\t\t\t\t\t\t\t<p>After the development of AI-assisted analysis software for phytoplankton samples has progressed significantly and is now almost fully functional, work is also being carried out \u2013 in collaboration with and on behalf of the Fraunhofer Institute for Computer Graphics Research (IGD) in Rostock \u2013 on an automated, AI-supported analysis of zooplankton samples from inland waters.<\/p>\t\t\t\t\t\t\t\t<\/div>\n\t\t\t\t<\/div>\n\t\t\t\t\t<\/div>\n\t\t<\/div>\n\t\t\t\t<div class=\"elementor-column elementor-col-50 elementor-top-column elementor-element elementor-element-c790b5a\" data-id=\"c790b5a\" data-element_type=\"column\" data-e-type=\"column\">\n\t\t\t<div class=\"elementor-widget-wrap elementor-element-populated\">\n\t\t\t\t\t\t<div class=\"elementor-element elementor-element-430d698 elementor-widget__width-initial elementor-widget elementor-widget-image\" data-id=\"430d698\" data-element_type=\"widget\" data-e-type=\"widget\" data-widget_type=\"image.default\">\n\t\t\t\t<div class=\"elementor-widget-container\">\n\t\t\t\t\t\t\t\t\t\t\t\t\t\t\t<img decoding=\"async\" width=\"326\" height=\"331\" src=\"https:\/\/bioplan-online.de\/wp-content\/uploads\/2025\/09\/ZooPlankton_2025-09-25_14h24_24.jpg\" class=\"attachment-full size-full wp-image-1921\" alt=\"\" srcset=\"https:\/\/bioplan-online.de\/wp-content\/uploads\/2025\/09\/ZooPlankton_2025-09-25_14h24_24.jpg 326w, https:\/\/bioplan-online.de\/wp-content\/uploads\/2025\/09\/ZooPlankton_2025-09-25_14h24_24-295x300.jpg 295w, https:\/\/bioplan-online.de\/wp-content\/uploads\/2025\/09\/ZooPlankton_2025-09-25_14h24_24-12x12.jpg 12w\" sizes=\"(max-width: 326px) 100vw, 326px\" \/>\t\t\t\t\t\t\t\t\t\t\t\t\t\t\t<\/div>\n\t\t\t\t<\/div>\n\t\t\t\t\t<\/div>\n\t\t<\/div>\n\t\t\t\t\t<\/div>\n\t\t<\/section>\n\t\t\t\t<section class=\"elementor-section elementor-top-section elementor-element elementor-element-3b6f0df elementor-section-boxed elementor-section-height-default elementor-section-height-default\" data-id=\"3b6f0df\" data-element_type=\"section\" data-e-type=\"section\" data-settings=\"{&quot;background_background&quot;:&quot;classic&quot;}\">\n\t\t\t\t\t\t<div class=\"elementor-container elementor-column-gap-default\">\n\t\t\t\t\t<div class=\"elementor-column elementor-col-100 elementor-top-column elementor-element elementor-element-620e56d\" data-id=\"620e56d\" data-element_type=\"column\" data-e-type=\"column\">\n\t\t\t<div class=\"elementor-widget-wrap\">\n\t\t\t\t\t\t\t<\/div>\n\t\t<\/div>\n\t\t\t\t\t<\/div>\n\t\t<\/section>\n\t\t\t\t<section class=\"elementor-section elementor-top-section elementor-element elementor-element-5064b72 elementor-section-boxed elementor-section-height-default elementor-section-height-default\" data-id=\"5064b72\" data-element_type=\"section\" data-e-type=\"section\" data-settings=\"{&quot;background_background&quot;:&quot;classic&quot;}\">\n\t\t\t\t\t\t<div class=\"elementor-container elementor-column-gap-default\">\n\t\t\t\t\t<div class=\"elementor-column elementor-col-100 elementor-top-column elementor-element elementor-element-a24a86e\" data-id=\"a24a86e\" data-element_type=\"column\" data-e-type=\"column\">\n\t\t\t<div class=\"elementor-widget-wrap elementor-element-populated\">\n\t\t\t\t\t\t<div class=\"elementor-element elementor-element-10f4ae2 elementor-widget elementor-widget-spacer\" data-id=\"10f4ae2\" data-element_type=\"widget\" data-e-type=\"widget\" data-widget_type=\"spacer.default\">\n\t\t\t\t<div class=\"elementor-widget-container\">\n\t\t\t\t\t\t\t<div class=\"elementor-spacer\">\n\t\t\t<div class=\"elementor-spacer-inner\"><\/div>\n\t\t<\/div>\n\t\t\t\t\t\t<\/div>\n\t\t\t\t<\/div>\n\t\t\t\t\t<\/div>\n\t\t<\/div>\n\t\t\t\t\t<\/div>\n\t\t<\/section>\n\t\t\t\t<\/div>","protected":false},"excerpt":{"rendered":"<p>Forschung Phytoplanktonanalyse mit KI-Unterst\u00fctzung Die Auswertung von Phytoplanktonproben aus Binnengew\u00e4ssern geh\u00f6rt seit langem zu den Routineaufgaben des Instituts. Seit 2024 arbeiten wir \u2013 im Auftrag und in Zusammenarbeit mit dem Fraunhofer Institut f\u00fcr Graphische Datenverarbeitung Rostock (IGD) \u2013 daran, die Prozesse durch Anwendung k\u00fcnstlicher Intelligenz (KI) nicht nur zu vereinfachen und zu beschleunigen, sondern zudem [&hellip;]<\/p>","protected":false},"author":1,"featured_media":0,"parent":0,"menu_order":9,"comment_status":"closed","ping_status":"closed","template":"elementor_header_footer","meta":{"footnotes":""},"class_list":["post-1899","page","type-page","status-publish","hentry"],"_links":{"self":[{"href":"https:\/\/bioplan-online.de\/en\/wp-json\/wp\/v2\/pages\/1899","targetHints":{"allow":["GET"]}}],"collection":[{"href":"https:\/\/bioplan-online.de\/en\/wp-json\/wp\/v2\/pages"}],"about":[{"href":"https:\/\/bioplan-online.de\/en\/wp-json\/wp\/v2\/types\/page"}],"author":[{"embeddable":true,"href":"https:\/\/bioplan-online.de\/en\/wp-json\/wp\/v2\/users\/1"}],"replies":[{"embeddable":true,"href":"https:\/\/bioplan-online.de\/en\/wp-json\/wp\/v2\/comments?post=1899"}],"version-history":[{"count":30,"href":"https:\/\/bioplan-online.de\/en\/wp-json\/wp\/v2\/pages\/1899\/revisions"}],"predecessor-version":[{"id":1942,"href":"https:\/\/bioplan-online.de\/en\/wp-json\/wp\/v2\/pages\/1899\/revisions\/1942"}],"wp:attachment":[{"href":"https:\/\/bioplan-online.de\/en\/wp-json\/wp\/v2\/media?parent=1899"}],"curies":[{"name":"wp","href":"https:\/\/api.w.org\/{rel}","templated":true}]}}