{"id":148,"date":"2018-10-21T20:04:30","date_gmt":"2018-10-21T20:04:30","guid":{"rendered":"http:\/\/new.bioplan-online.de\/?page_id=148"},"modified":"2025-04-05T00:25:14","modified_gmt":"2025-04-04T22:25:14","slug":"team","status":"publish","type":"page","link":"https:\/\/bioplan-online.de\/en\/team\/","title":{"rendered":"Team"},"content":{"rendered":"<div data-elementor-type=\"wp-post\" data-elementor-id=\"148\" class=\"elementor elementor-148\">\n\t\t\t\t\t\t<section class=\"elementor-section elementor-top-section elementor-element elementor-element-82cfcd5 elementor-section-boxed elementor-section-height-default elementor-section-height-default\" data-id=\"82cfcd5\" data-element_type=\"section\" data-e-type=\"section\" data-settings=\"{&quot;background_background&quot;:&quot;classic&quot;}\">\n\t\t\t\t\t\t<div class=\"elementor-container elementor-column-gap-default\">\n\t\t\t\t\t<div class=\"elementor-column elementor-col-100 elementor-top-column elementor-element elementor-element-77d3ce4\" data-id=\"77d3ce4\" data-element_type=\"column\" data-e-type=\"column\">\n\t\t\t<div class=\"elementor-widget-wrap elementor-element-populated\">\n\t\t\t\t\t\t<div class=\"elementor-element elementor-element-4abf76d elementor-widget elementor-widget-heading\" data-id=\"4abf76d\" data-element_type=\"widget\" data-e-type=\"widget\" data-widget_type=\"heading.default\">\n\t\t\t\t<div class=\"elementor-widget-container\">\n\t\t\t\t\t<h1 class=\"elementor-heading-title elementor-size-default\">THE BIOPLAN TEAM<\/h1>\t\t\t\t<\/div>\n\t\t\t\t<\/div>\n\t\t\t\t\t<\/div>\n\t\t<\/div>\n\t\t\t\t\t<\/div>\n\t\t<\/section>\n\t\t\t\t<section class=\"elementor-section elementor-top-section elementor-element elementor-element-43907e2 elementor-section-boxed elementor-section-height-default elementor-section-height-default\" data-id=\"43907e2\" data-element_type=\"section\" data-e-type=\"section\" data-settings=\"{&quot;background_background&quot;:&quot;classic&quot;}\">\n\t\t\t\t\t\t<div class=\"elementor-container elementor-column-gap-extended\">\n\t\t\t\t\t<div class=\"elementor-column elementor-col-50 elementor-top-column elementor-element elementor-element-f86d003\" data-id=\"f86d003\" data-element_type=\"column\" data-e-type=\"column\" data-settings=\"{&quot;background_background&quot;:&quot;classic&quot;}\">\n\t\t\t<div class=\"elementor-widget-wrap\">\n\t\t\t\t\t<div class=\"elementor-background-overlay\"><\/div>\n\t\t\t\t\t\t\t<\/div>\n\t\t<\/div>\n\t\t\t\t<div class=\"elementor-column elementor-col-50 elementor-top-column elementor-element elementor-element-a5dedb4\" data-id=\"a5dedb4\" data-element_type=\"column\" data-e-type=\"column\" data-settings=\"{&quot;background_background&quot;:&quot;classic&quot;}\">\n\t\t\t<div class=\"elementor-widget-wrap\">\n\t\t\t\t\t<div class=\"elementor-background-overlay\"><\/div>\n\t\t\t\t\t\t\t<\/div>\n\t\t<\/div>\n\t\t\t\t\t<\/div>\n\t\t<\/section>\n\t\t\t\t<section class=\"elementor-section elementor-top-section elementor-element elementor-element-8840d9f elementor-section-boxed elementor-section-height-default elementor-section-height-default\" data-id=\"8840d9f\" data-element_type=\"section\" data-e-type=\"section\" data-settings=\"{&quot;background_background&quot;:&quot;classic&quot;}\">\n\t\t\t\t\t\t<div class=\"elementor-container elementor-column-gap-extended\">\n\t\t\t\t\t<div class=\"elementor-column elementor-col-50 elementor-top-column elementor-element elementor-element-1085f67\" data-id=\"1085f67\" data-element_type=\"column\" data-e-type=\"column\" data-settings=\"{&quot;background_background&quot;:&quot;classic&quot;}\">\n\t\t\t<div class=\"elementor-widget-wrap elementor-element-populated\">\n\t\t\t\t\t<div class=\"elementor-background-overlay\"><\/div>\n\t\t\t\t\t\t<div class=\"elementor-element elementor-element-31c2a0b elementor-position-top elementor-widget elementor-widget-image-box\" data-id=\"31c2a0b\" data-element_type=\"widget\" data-e-type=\"widget\" data-widget_type=\"image-box.default\">\n\t\t\t\t<div class=\"elementor-widget-container\">\n\t\t\t\t\t<div class=\"elementor-image-box-wrapper\"><figure class=\"elementor-image-box-img\"><img decoding=\"async\" src=\"https:\/\/bioplan-online.de\/wp-content\/uploads\/elementor\/thumbs\/Stefan_Sandrock_20240617_hoch-e1730142523272-qw8jnnw61vioa3qx340pgawfd7hn8d6jcuocx4c6q0.jpg\" title=\"Stefan_Sandrock_20240617_hoch\" alt=\"Stefan_Sandrock_20240617_hoch\" loading=\"lazy\" \/><\/figure><div class=\"elementor-image-box-content\"><h4 class=\"elementor-image-box-title\">Dr. Stefan Sandrock<\/h4><p class=\"elementor-image-box-description\"><a href=\"mailto:stefan.sandrock@bioplan-online.de\">stefan.sandrock@bioplan-online.de<\/a><br><br>\nGeneral Management<br>Biologist<\/p><\/div><\/div>\t\t\t\t<\/div>\n\t\t\t\t<\/div>\n\t\t\t\t<div class=\"elementor-element elementor-element-ad5136d elementor-position-top elementor-widget elementor-widget-image-box\" data-id=\"ad5136d\" data-element_type=\"widget\" data-e-type=\"widget\" data-widget_type=\"image-box.default\">\n\t\t\t\t<div class=\"elementor-widget-container\">\n\t\t\t\t\t<div class=\"elementor-image-box-wrapper\"><figure class=\"elementor-image-box-img\"><img decoding=\"async\" src=\"https:\/\/bioplan-online.de\/wp-content\/uploads\/elementor\/thumbs\/Ekaterina_Volkova-e1737058698180-r03vt8q39s33s8xghzqb2o4vrtvh2gj4ooiyec8cg8.jpg\" title=\"Ekaterina_Volkova\" alt=\"Ekaterina_Volkova\" loading=\"lazy\" \/><\/figure><div class=\"elementor-image-box-content\"><h4 class=\"elementor-image-box-title\">Ekaterina Volkova<\/h4><p class=\"elementor-image-box-description\"><a href=\"mailto:ekaterina.volkova@bioplan-online.de\">ekaterina.volkova@bioplan-online.de<\/a><br><br>\nResearch Associate<br>\nDipl. \u00d6kologin<\/p><\/div><\/div>\t\t\t\t<\/div>\n\t\t\t\t<\/div>\n\t\t\t\t<div class=\"elementor-element elementor-element-993a2e8 elementor-position-top elementor-widget elementor-widget-image-box\" data-id=\"993a2e8\" data-element_type=\"widget\" data-e-type=\"widget\" data-widget_type=\"image-box.default\">\n\t\t\t\t<div class=\"elementor-widget-container\">\n\t\t\t\t\t<div class=\"elementor-image-box-wrapper\"><figure class=\"elementor-image-box-img\"><img decoding=\"async\" src=\"https:\/\/bioplan-online.de\/wp-content\/uploads\/elementor\/thumbs\/Yuliia_Hromova-scaled-r3vsc0xldxump550fhqkooi6xnnsfnj734bq91d2x4.jpg\" title=\"Yuliia_Hromova\" alt=\"{&quot;remix_data&quot;:[],&quot;remix_entry_point&quot;:&quot;challenges&quot;,&quot;source_tags&quot;:[&quot;local&quot;],&quot;source_ids&quot;:{},&quot;source_ids_track&quot;:{},&quot;origin&quot;:&quot;unknown&quot;,&quot;total_draw_time&quot;:0,&quot;total_draw_actions&quot;:0,&quot;layers_used&quot;:0,&quot;brushes_used&quot;:0,&quot;photos_added&quot;:0,&quot;total_editor_actions&quot;:{},&quot;tools_used&quot;:{&quot;cutout_group&quot;:1,&quot;square_fit&quot;:1},&quot;is_sticker&quot;:true,&quot;last_sticker_id&quot;:&quot;dc1db184-6038-4407-992e-071baeb75d69&quot;,&quot;edited_since_last_sticker_save&quot;:true,&quot;containsFTESticker&quot;:false}\" loading=\"lazy\" \/><\/figure><div class=\"elementor-image-box-content\"><h4 class=\"elementor-image-box-title\">Dr. Yuliia Hromova<\/h4><p class=\"elementor-image-box-description\"><a href=\"mailto:yuliia.hromova@bioplan-online.de\">yuliia.hromova@bioplan-online.de<\/a><br><br>\nResearch Associate<br>\nDipl. Biologin<\/p><\/div><\/div>\t\t\t\t<\/div>\n\t\t\t\t<\/div>\n\t\t\t\t\t<\/div>\n\t\t<\/div>\n\t\t\t\t<div class=\"elementor-column elementor-col-50 elementor-top-column elementor-element elementor-element-b7dd539\" data-id=\"b7dd539\" data-element_type=\"column\" data-e-type=\"column\" data-settings=\"{&quot;background_background&quot;:&quot;classic&quot;}\">\n\t\t\t<div class=\"elementor-widget-wrap elementor-element-populated\">\n\t\t\t\t\t<div class=\"elementor-background-overlay\"><\/div>\n\t\t\t\t\t\t<div class=\"elementor-element elementor-element-d53781a elementor-position-top elementor-widget elementor-widget-image-box\" data-id=\"d53781a\" data-element_type=\"widget\" data-e-type=\"widget\" data-widget_type=\"image-box.default\">\n\t\t\t\t<div class=\"elementor-widget-container\">\n\t\t\t\t\t<div class=\"elementor-image-box-wrapper\"><figure class=\"elementor-image-box-img\"><img decoding=\"async\" src=\"https:\/\/bioplan-online.de\/wp-content\/uploads\/elementor\/thumbs\/2020-01-27-Wizemann-4x6_klein-omfdrgmzpl321oqdao1wtcjt1ah2vvx5ki2645re2w.jpg\" title=\"Andre Wizemann\" alt=\"Andre Wizemann\" loading=\"lazy\" \/><\/figure><div class=\"elementor-image-box-content\"><h4 class=\"elementor-image-box-title\">Dr. Andr\u00e9 Wizemann<\/h4><p class=\"elementor-image-box-description\"><a href=\"mailto:andre.wizemann@bioplan-online.de\">andre.wizemann@bioplan-online.de<\/a><br><br>\nGeneral Management<br>Biologist<\/p><\/div><\/div>\t\t\t\t<\/div>\n\t\t\t\t<\/div>\n\t\t\t\t<div class=\"elementor-element elementor-element-2b75735 elementor-position-top elementor-widget elementor-widget-image-box\" data-id=\"2b75735\" data-element_type=\"widget\" data-e-type=\"widget\" data-widget_type=\"image-box.default\">\n\t\t\t\t<div class=\"elementor-widget-container\">\n\t\t\t\t\t<div class=\"elementor-image-box-wrapper\"><figure class=\"elementor-image-box-img\"><img decoding=\"async\" src=\"https:\/\/bioplan-online.de\/wp-content\/uploads\/elementor\/thumbs\/Benjamin_Rach_klein-e1669658991581-pye08gmzjcj8fjdargr7ysb1klcs4ynqfxf9uo92iw.jpg\" title=\"Benjamin Rach\" alt=\"Benjamin Rach\" loading=\"lazy\" \/><\/figure><div class=\"elementor-image-box-content\"><h4 class=\"elementor-image-box-title\">Benjamin Rach<\/h4><p class=\"elementor-image-box-description\"><a href=\"mailto:benjamin.rach@bioplan-online.de\">benjamin.rach@bioplan-online.de<\/a><br><br>Laboratory Manager<br>M. Sc. Marine Biology<\/p><\/div><\/div>\t\t\t\t<\/div>\n\t\t\t\t<\/div>\n\t\t\t\t\t<\/div>\n\t\t<\/div>\n\t\t\t\t\t<\/div>\n\t\t<\/section>\n\t\t\t\t<section class=\"elementor-section elementor-top-section elementor-element elementor-element-72fe2e6 elementor-section-boxed elementor-section-height-default elementor-section-height-default\" data-id=\"72fe2e6\" data-element_type=\"section\" data-e-type=\"section\" data-settings=\"{&quot;background_background&quot;:&quot;classic&quot;}\">\n\t\t\t\t\t\t<div class=\"elementor-container elementor-column-gap-default\">\n\t\t\t\t\t<div class=\"elementor-column elementor-col-100 elementor-top-column elementor-element elementor-element-f1164a7\" data-id=\"f1164a7\" data-element_type=\"column\" data-e-type=\"column\">\n\t\t\t<div class=\"elementor-widget-wrap elementor-element-populated\">\n\t\t\t\t\t\t<div class=\"elementor-element elementor-element-439f863 elementor-widget elementor-widget-spacer\" data-id=\"439f863\" data-element_type=\"widget\" data-e-type=\"widget\" data-widget_type=\"spacer.default\">\n\t\t\t\t<div class=\"elementor-widget-container\">\n\t\t\t\t\t\t\t<div class=\"elementor-spacer\">\n\t\t\t<div class=\"elementor-spacer-inner\"><\/div>\n\t\t<\/div>\n\t\t\t\t\t\t<\/div>\n\t\t\t\t<\/div>\n\t\t\t\t\t<\/div>\n\t\t<\/div>\n\t\t\t\t\t<\/div>\n\t\t<\/section>\n\t\t\t\t<\/div>","protected":false},"excerpt":{"rendered":"<p>Das bioplan Team Dr. Stefan Sandrock stefan.sandrock@bioplan-online.de Gesch\u00e4ftsleitungDiplom-Biologe Ekaterina Volkova ekaterina.volkova@bioplan-online.de Wissenschaftlicher Mitarbeiterin Dipl. \u00d6kologin Dr. Yuliia Hromova yuliia.hromova@bioplan-online.de Wissenschaftlicher Mitarbeiterin Dipl. Biologin Dr. Andr\u00e9 Wizemann andre.wizemann@bioplan-online.de Gesch\u00e4ftsleitungDiplom-Biologe Benjamin Rach benjamin.rach@bioplan-online.de LaborleiterM.Sc. Meeresbiologie<\/p>","protected":false},"author":1,"featured_media":0,"parent":0,"menu_order":26,"comment_status":"closed","ping_status":"closed","template":"elementor_header_footer","meta":{"footnotes":""},"class_list":["post-148","page","type-page","status-publish","hentry"],"_links":{"self":[{"href":"https:\/\/bioplan-online.de\/en\/wp-json\/wp\/v2\/pages\/148","targetHints":{"allow":["GET"]}}],"collection":[{"href":"https:\/\/bioplan-online.de\/en\/wp-json\/wp\/v2\/pages"}],"about":[{"href":"https:\/\/bioplan-online.de\/en\/wp-json\/wp\/v2\/types\/page"}],"author":[{"embeddable":true,"href":"https:\/\/bioplan-online.de\/en\/wp-json\/wp\/v2\/users\/1"}],"replies":[{"embeddable":true,"href":"https:\/\/bioplan-online.de\/en\/wp-json\/wp\/v2\/comments?post=148"}],"version-history":[{"count":136,"href":"https:\/\/bioplan-online.de\/en\/wp-json\/wp\/v2\/pages\/148\/revisions"}],"predecessor-version":[{"id":1898,"href":"https:\/\/bioplan-online.de\/en\/wp-json\/wp\/v2\/pages\/148\/revisions\/1898"}],"wp:attachment":[{"href":"https:\/\/bioplan-online.de\/en\/wp-json\/wp\/v2\/media?parent=148"}],"curies":[{"name":"wp","href":"https:\/\/api.w.org\/{rel}","templated":true}]}}